{"id":228447,"date":"2025-04-03T22:38:32","date_gmt":"2025-04-03T20:38:32","guid":{"rendered":"https:\/\/www.emistr.cz\/prepojenie\/"},"modified":"2026-04-20T15:44:26","modified_gmt":"2026-04-20T13:44:26","slug":"prepojenie","status":"publish","type":"page","link":"https:\/\/www.emistr.cz\/sk\/prepojenie\/","title":{"rendered":"PREPOJENIE"},"content":{"rendered":"<p>[et_pb_section fb_built=&#8220;1&#8243; fullwidth=&#8220;on&#8220; admin_label=&#8220;Section&#8220; _builder_version=&#8220;4.27.4&#8243; _module_preset=&#8220;default&#8220; da_disable_devices=&#8220;off|off|off&#8220; global_colors_info=&#8220;{}&#8220; da_is_popup=&#8220;off&#8220; da_exit_intent=&#8220;off&#8220; da_has_close=&#8220;on&#8220; da_alt_close=&#8220;off&#8220; da_dark_close=&#8220;off&#8220; da_not_modal=&#8220;on&#8220; da_is_singular=&#8220;off&#8220; da_with_loader=&#8220;off&#8220; da_has_shadow=&#8220;on&#8220;][et_pb_fullwidth_header title=&#8220;PREPOJENIE&#8220; _builder_version=&#8220;4.27.5&#8243; _module_preset=&#8220;80bb9009-eb2d-4d08-a3b0-4814156adc3f&#8220; hover_enabled=&#8220;0&#8243; global_colors_info=&#8220;{}&#8220; sticky_enabled=&#8220;0&#8243;][\/et_pb_fullwidth_header][\/et_pb_section][et_pb_section fb_built=&#8220;1&#8243; _builder_version=&#8220;4.27.4&#8243; _module_preset=&#8220;98c53939-bf32-4c88-a461-922e6d8ef060&#8243; da_disable_devices=&#8220;off|off|off&#8220; global_colors_info=&#8220;{}&#8220; da_is_popup=&#8220;off&#8220; da_exit_intent=&#8220;off&#8220; da_has_close=&#8220;on&#8220; da_alt_close=&#8220;off&#8220; da_dark_close=&#8220;off&#8220; da_not_modal=&#8220;on&#8220; da_is_singular=&#8220;off&#8220; da_with_loader=&#8220;off&#8220; da_has_shadow=&#8220;on&#8220;][et_pb_row module_id=&#8220;integrace&#8220; _builder_version=&#8220;4.27.5&#8243; _module_preset=&#8220;default&#8220; custom_padding=&#8220;||||false|false&#8220; hover_enabled=&#8220;0&#8243; global_colors_info=&#8220;{}&#8220; sticky_enabled=&#8220;0&#8243;][et_pb_column type=&#8220;4_4&#8243; _builder_version=&#8220;4.24.2&#8243; _module_preset=&#8220;default&#8220; global_colors_info=&#8220;{}&#8220;][et_pb_image src=&#8220;https:\/\/www.emistr.cz\/wp-content\/uploads\/2025\/12\/Emistr-HP-e-17.svg&#8220; title_text=&#8220;Emistr&#8212;HP&#8212;e-17&#8243; _builder_version=&#8220;4.27.5&#8243; _module_preset=&#8220;_initial&#8220; hover_enabled=&#8220;0&#8243; locked=&#8220;off&#8220; global_colors_info=&#8220;{}&#8220; sticky_enabled=&#8220;0&#8243;][\/et_pb_image][et_pb_text _builder_version=&#8220;4.27.5&#8243; _module_preset=&#8220;3e4ae614-d894-4f16-b23d-a94526fe28ee&#8220; hover_enabled=&#8220;0&#8243; global_colors_info=&#8220;{}&#8220; sticky_enabled=&#8220;0&#8243;]<\/p>\n<h2 style=\"text-align: center;\">Jednoduch\u00e1 integr\u00e1cia s existuj\u00facimi syst\u00e9mami<\/h2>\n<p style=\"text-align: center;\"><strong>eMISTR je samostatn\u00fd syst\u00e9m pre v\u00fdrobu, ale prepojenie s va\u0161imi existuj\u00facimi ERP syst\u00e9mami je jednoduch\u00e9. Dok\u00e1\u017eeme vyu\u017e\u00edva\u0165 a \u010derpa\u0165 d\u00e1ta ako s\u00fa objedn\u00e1vky, sklady, \u010d\u00edseln\u00edky, adres\u00e1re a\u017e po skladov\u00fd syst\u00e9m riadenia, at\u010f.<\/strong><\/p>\n<p style=\"text-align: center;\">Nemus\u00edte tak zahodi\u0165 funguj\u00face syst\u00e9my, ktor\u00e9 V\u00e1m vyhovuj\u00fa a dok\u00e1\u017eete tak zefekt\u00edvni\u0165 va\u0161u v\u00fdrobu r\u00fdchlo a bez zbyto\u010dn\u00fdch komplik\u00e1ci\u00ed.<\/p>\n<p style=\"text-align: center;\">Za 20 rokov sme eMISTR integrovali do v\u00e4\u010d\u0161iny u n\u00e1s pou\u017e\u00edvan\u00fdch ERP syst\u00e9mov, ale sme pripraven\u00ed aj na neobvykl\u00e9 rie\u0161enia, ktor\u00e9 priprav\u00edme na mieru presne pre v\u00e1s.<\/p>\n<p style=\"text-align: center;\">[\/et_pb_text][ba_logo_grid grid_height=&#8220;176px&#8220; logo_size=&#8220;150px&#8220; column_count_tablet=&#8220;2&#8243; column_count_phone=&#8220;1&#8243; column_count_last_edited=&#8220;on|tablet&#8220; module_class=&#8220;loga-systemu&#8220; _builder_version=&#8220;4.27.4&#8243; _module_preset=&#8220;default&#8220; background_color=&#8220;RGBA(255,255,255,0)&#8220; global_colors_info=&#8220;{}&#8220;][ba_logo_grid_child logo_url=&#8220;https:\/\/www.emistr.cz\/wp-content\/uploads\/2025\/02\/logo-velke.webp&#8220; brand_name=&#8220;ABRA&#8220; _builder_version=&#8220;4.27.4&#8243; _module_preset=&#8220;6cde333d-d64e-4f4e-b6db-b9419a1180d9&#8243; global_colors_info=&#8220;{}&#8220;][\/ba_logo_grid_child][ba_logo_grid_child logo_url=&#8220;https:\/\/www.emistr.cz\/wp-content\/uploads\/2025\/02\/ACONTO_ekonomicky_software.png&#8220; brand_name=&#8220;Aconto&#8220; _builder_version=&#8220;4.27.4&#8243; _module_preset=&#8220;6cde333d-d64e-4f4e-b6db-b9419a1180d9&#8243; global_colors_info=&#8220;{}&#8220;][\/ba_logo_grid_child][ba_logo_grid_child logo_url=&#8220;https:\/\/www.emistr.cz\/wp-content\/uploads\/2025\/02\/SolidWorks-Logo.png&#8220; brand_name=&#8220;BS Solidworks&#8220; _builder_version=&#8220;4.27.4&#8243; _module_preset=&#8220;6cde333d-d64e-4f4e-b6db-b9419a1180d9&#8243; global_colors_info=&#8220;{}&#8220;][\/ba_logo_grid_child][ba_logo_grid_child logo_url=&#8220;https:\/\/www.emistr.cz\/wp-content\/uploads\/2025\/02\/1631334000078.jpeg&#8220; brand_name=&#8220;Elisoft&#8220; _builder_version=&#8220;4.27.4&#8243; _module_preset=&#8220;6cde333d-d64e-4f4e-b6db-b9419a1180d9&#8243; global_colors_info=&#8220;{}&#8220;][\/ba_logo_grid_child][ba_logo_grid_child logo_url=&#8220;https:\/\/www.emistr.cz\/wp-content\/uploads\/2025\/02\/ekonom-system-logo-final-300&#215;84-1.png&#8220; brand_name=&#8220;Ekonom&#8220; _builder_version=&#8220;4.27.4&#8243; _module_preset=&#8220;6cde333d-d64e-4f4e-b6db-b9419a1180d9&#8243; global_colors_info=&#8220;{}&#8220;][\/ba_logo_grid_child][ba_logo_grid_child logo_url=&#8220;https:\/\/www.emistr.cz\/wp-content\/uploads\/2025\/02\/Helios-logo.png&#8220; brand_name=&#8220;Helios&#8220; _builder_version=&#8220;4.27.4&#8243; _module_preset=&#8220;6cde333d-d64e-4f4e-b6db-b9419a1180d9&#8243; global_colors_info=&#8220;{}&#8220;][\/ba_logo_grid_child][ba_logo_grid_child logo_url=&#8220;https:\/\/www.emistr.cz\/wp-content\/uploads\/2025\/02\/Imos-logo.jpg&#8220; brand_name=&#8220;Imos&#8220; _builder_version=&#8220;4.27.4&#8243; _module_preset=&#8220;6cde333d-d64e-4f4e-b6db-b9419a1180d9&#8243; global_colors_info=&#8220;{}&#8220;][\/ba_logo_grid_child][ba_logo_grid_child logo_url=&#8220;https:\/\/www.emistr.cz\/wp-content\/uploads\/2025\/02\/MS-Dyamic-NAV-logo.webp&#8220; brand_name=&#8220;Microsoft Dynamics&#8220; _builder_version=&#8220;4.27.4&#8243; _module_preset=&#8220;6cde333d-d64e-4f4e-b6db-b9419a1180d9&#8243; global_colors_info=&#8220;{}&#8220;][\/ba_logo_grid_child][ba_logo_grid_child logo_url=&#8220;https:\/\/www.emistr.cz\/wp-content\/uploads\/2025\/02\/logo_money_big.png&#8220; brand_name=&#8220;money&#8220; _builder_version=&#8220;4.27.4&#8243; _module_preset=&#8220;6cde333d-d64e-4f4e-b6db-b9419a1180d9&#8243; global_colors_info=&#8220;{}&#8220;][\/ba_logo_grid_child][ba_logo_grid_child logo_url=&#8220;https:\/\/www.emistr.cz\/wp-content\/uploads\/2025\/02\/logo_mrp.png&#8220; brand_name=&#8220;MRP&#8220; _builder_version=&#8220;4.27.4&#8243; _module_preset=&#8220;6cde333d-d64e-4f4e-b6db-b9419a1180d9&#8243; max_height=&#8220;120px&#8220; custom_margin=&#8220;24px||||false|false&#8220; global_colors_info=&#8220;{}&#8220;][\/ba_logo_grid_child][ba_logo_grid_child logo_url=&#8220;https:\/\/www.emistr.cz\/wp-content\/uploads\/2025\/02\/microsoft-office-logo.wine-.png&#8220; brand_name=&#8220;Office&#8220; _builder_version=&#8220;4.27.4&#8243; _module_preset=&#8220;6cde333d-d64e-4f4e-b6db-b9419a1180d9&#8243; global_colors_info=&#8220;{}&#8220;][\/ba_logo_grid_child][ba_logo_grid_child logo_url=&#8220;https:\/\/www.emistr.cz\/wp-content\/uploads\/2025\/09\/logo_POHODA_blue_page-0002.jpg&#8220; brand_name=&#8220;Pohoda&#8220; _builder_version=&#8220;4.27.4&#8243; _dynamic_attributes=&#8220;link_option_url&#8220; _module_preset=&#8220;6cde333d-d64e-4f4e-b6db-b9419a1180d9&#8243; link_option_url=&#8220;@ET-DC@eyJkeW5hbWljIjp0cnVlLCJjb250ZW50IjoicG9zdF9saW5rX3VybF9wYWdlIiwic2V0dGluZ3MiOnsicG9zdF9pZCI6IjIyNzYzNSJ9fQ==@&#8220; global_colors_info=&#8220;{}&#8220;][\/ba_logo_grid_child][ba_logo_grid_child logo_url=&#8220;https:\/\/www.emistr.cz\/wp-content\/uploads\/2025\/02\/images.png&#8220; brand_name=&#8220;Premier system&#8220; _builder_version=&#8220;4.27.4&#8243; _module_preset=&#8220;6cde333d-d64e-4f4e-b6db-b9419a1180d9&#8243; global_colors_info=&#8220;{}&#8220;][\/ba_logo_grid_child][ba_logo_grid_child logo_url=&#8220;https:\/\/www.emistr.cz\/wp-content\/uploads\/2025\/02\/SAP_2011_logo.svg.png&#8220; brand_name=&#8220;SAP&#8220; _builder_version=&#8220;4.27.4&#8243; _module_preset=&#8220;6cde333d-d64e-4f4e-b6db-b9419a1180d9&#8243; max_height=&#8220;100px&#8220; custom_margin=&#8220;32px||||false|false&#8220; global_colors_info=&#8220;{}&#8220;][\/ba_logo_grid_child][ba_logo_grid_child logo_url=&#8220;https:\/\/www.emistr.cz\/wp-content\/uploads\/2025\/02\/675c5beb5b7a01239b8e13eb_sb-komplet.png&#8220; brand_name=&#8220;SB Komplet&#8220; _builder_version=&#8220;4.27.4&#8243; _module_preset=&#8220;6cde333d-d64e-4f4e-b6db-b9419a1180d9&#8243; global_colors_info=&#8220;{}&#8220;][\/ba_logo_grid_child][ba_logo_grid_child logo_url=&#8220;https:\/\/www.emistr.cz\/wp-content\/uploads\/2025\/02\/2c08ab3f592d34599902def898542fed.gif&#8220; brand_name=&#8220;WinFas&#8220; _builder_version=&#8220;4.27.4&#8243; _module_preset=&#8220;6cde333d-d64e-4f4e-b6db-b9419a1180d9&#8243; global_colors_info=&#8220;{}&#8220;][\/ba_logo_grid_child][\/ba_logo_grid][\/et_pb_column][\/et_pb_row][\/et_pb_section][et_pb_section fb_built=&#8220;1&#8243; admin_label=&#8220;Section&#8220; _builder_version=&#8220;4.27.4&#8243; _module_preset=&#8220;98c53939-bf32-4c88-a461-922e6d8ef060&#8243; da_disable_devices=&#8220;off|off|off&#8220; locked=&#8220;off&#8220; global_colors_info=&#8220;{}&#8220; da_is_popup=&#8220;off&#8220; da_exit_intent=&#8220;off&#8220; da_has_close=&#8220;on&#8220; da_alt_close=&#8220;off&#8220; da_dark_close=&#8220;off&#8220; da_not_modal=&#8220;on&#8220; da_is_singular=&#8220;off&#8220; da_with_loader=&#8220;off&#8220; da_has_shadow=&#8220;on&#8220;][et_pb_row _builder_version=&#8220;4.27.4&#8243; _module_preset=&#8220;default&#8220; custom_margin=&#8220;0px||||false|false&#8220; custom_padding=&#8220;0px||||false|false&#8220; locked=&#8220;off&#8220; global_colors_info=&#8220;{}&#8220;][et_pb_column type=&#8220;4_4&#8243; _builder_version=&#8220;4.24.2&#8243; _module_preset=&#8220;default&#8220; global_colors_info=&#8220;{}&#8220;][et_pb_icon font_icon=&#8220;&#x22;||divi||400&#8243; icon_color=&#8220;#E09900&#8243; icon_width=&#8220;60px&#8220; _builder_version=&#8220;4.27.4&#8243; _module_preset=&#8220;default&#8220; locked=&#8220;off&#8220; global_colors_info=&#8220;{}&#8220;][\/et_pb_icon][et_pb_text _builder_version=&#8220;4.27.4&#8243; _module_preset=&#8220;2cc8959e-e5e4-4d17-ada9-67bbd43fead7&#8243; text_text_color=&#8220;#E09900&#8243; text_font_size=&#8220;26px&#8220; text_line_height=&#8220;1.6em&#8220; text_orientation=&#8220;center&#8220; max_width=&#8220;50%&#8220; max_width_tablet=&#8220;50%&#8220; max_width_phone=&#8220;100%&#8220; max_width_last_edited=&#8220;on|phone&#8220; module_alignment=&#8220;center&#8220; min_height=&#8220;2px&#8220; text_font_size_tablet=&#8220;26px&#8220; text_font_size_phone=&#8220;20px&#8220; text_font_size_last_edited=&#8220;on|phone&#8220; global_colors_info=&#8220;{}&#8220;]<\/p>\n<p><strong>Pou\u017e\u00edvate nejak\u00fd in\u00fd syst\u00e9m, nie je probl\u00e9m, porad\u00edme si.<\/strong><\/p>\n<p>[\/et_pb_text][et_pb_button button_url=&#8220;#kontakt&#8220; button_text=&#8220;Nap\u00ed\u0161te n\u00e1m&#8220; _builder_version=&#8220;4.27.4&#8243; _module_preset=&#8220;86804bd0-7f18-4446-b5a1-8baecb8360e2&#8243; locked=&#8220;off&#8220; global_colors_info=&#8220;{}&#8220; button_bg_color__hover_enabled=&#8220;on|hover&#8220; button_bg_color__hover=&#8220;#30AC67&#8243; button_bg_enable_color__hover=&#8220;on&#8220;][\/et_pb_button][et_pb_text _builder_version=&#8220;4.27.4&#8243; _module_preset=&#8220;2cc8959e-e5e4-4d17-ada9-67bbd43fead7&#8243; custom_css_free_form=&#8220;selector strong {||  color:#e09900;||}&#8220; global_colors_info=&#8220;{}&#8220;]<\/p>\n<p style=\"text-align: center;\">Alebo n\u00e1m rovno zavolajte: <span style=\"color: #e09900;\"><a href=\"tel:+420732269264\"><strong>+420 732 269 264<\/strong><\/a><\/span><\/p>\n<p>[\/et_pb_text][\/et_pb_column][\/et_pb_row][\/et_pb_section]<\/p>\n","protected":false},"excerpt":{"rendered":"<p>Jednoduch\u00e1 integr\u00e1cia s existuj\u00facimi syst\u00e9mami eMISTR je samostatn\u00fd syst\u00e9m pre v\u00fdrobu, ale prepojenie s va\u0161imi existuj\u00facimi ERP syst\u00e9mami je jednoduch\u00e9. Dok\u00e1\u017eeme vyu\u017e\u00edva\u0165 a \u010derpa\u0165 d\u00e1ta ako s\u00fa objedn\u00e1vky, sklady, \u010d\u00edseln\u00edky, adres\u00e1re a\u017e po skladov\u00fd syst\u00e9m riadenia, at\u010f. Nemus\u00edte tak zahodi\u0165 funguj\u00face syst\u00e9my, ktor\u00e9 V\u00e1m vyhovuj\u00fa a dok\u00e1\u017eete tak zefekt\u00edvni\u0165 va\u0161u v\u00fdrobu r\u00fdchlo a bez zbyto\u010dn\u00fdch [&hellip;]<\/p>\n","protected":false},"author":8,"featured_media":0,"parent":0,"menu_order":0,"comment_status":"closed","ping_status":"closed","template":"","meta":{"_acf_changed":false,"_et_pb_use_builder":"on","_et_pb_old_content":"","_et_gb_content_width":"","footnotes":""},"difl_page_category":[],"class_list":["post-228447","page","type-page","status-publish","hentry"],"acf":[],"_links":{"self":[{"href":"https:\/\/www.emistr.cz\/sk\/wp-json\/wp\/v2\/pages\/228447","targetHints":{"allow":["GET"]}}],"collection":[{"href":"https:\/\/www.emistr.cz\/sk\/wp-json\/wp\/v2\/pages"}],"about":[{"href":"https:\/\/www.emistr.cz\/sk\/wp-json\/wp\/v2\/types\/page"}],"author":[{"embeddable":true,"href":"https:\/\/www.emistr.cz\/sk\/wp-json\/wp\/v2\/users\/8"}],"replies":[{"embeddable":true,"href":"https:\/\/www.emistr.cz\/sk\/wp-json\/wp\/v2\/comments?post=228447"}],"version-history":[{"count":6,"href":"https:\/\/www.emistr.cz\/sk\/wp-json\/wp\/v2\/pages\/228447\/revisions"}],"predecessor-version":[{"id":229504,"href":"https:\/\/www.emistr.cz\/sk\/wp-json\/wp\/v2\/pages\/228447\/revisions\/229504"}],"wp:attachment":[{"href":"https:\/\/www.emistr.cz\/sk\/wp-json\/wp\/v2\/media?parent=228447"}],"wp:term":[{"taxonomy":"difl_page_category","embeddable":true,"href":"https:\/\/www.emistr.cz\/sk\/wp-json\/wp\/v2\/difl_page_category?post=228447"}],"curies":[{"name":"wp","href":"https:\/\/api.w.org\/{rel}","templated":true}]}}