{"id":228443,"date":"2025-04-18T21:08:06","date_gmt":"2025-04-18T19:08:06","guid":{"rendered":"https:\/\/www.emistr.cz\/aktuality\/"},"modified":"2025-12-17T18:08:28","modified_gmt":"2025-12-17T17:08:28","slug":"aktuality","status":"publish","type":"page","link":"https:\/\/www.emistr.cz\/sk\/aktuality\/","title":{"rendered":"Aktuality"},"content":{"rendered":"<p>[et_pb_section fb_built=&#8220;1&#8243; fullwidth=&#8220;on&#8220; admin_label=&#8220;Section&#8220; _builder_version=&#8220;4.27.4&#8243; _module_preset=&#8220;default&#8220; da_disable_devices=&#8220;off|off|off&#8220; global_colors_info=&#8220;{}&#8220; da_is_popup=&#8220;off&#8220; da_exit_intent=&#8220;off&#8220; da_has_close=&#8220;on&#8220; da_alt_close=&#8220;off&#8220; da_dark_close=&#8220;off&#8220; da_not_modal=&#8220;on&#8220; da_is_singular=&#8220;off&#8220; da_with_loader=&#8220;off&#8220; da_has_shadow=&#8220;on&#8220;][et_pb_fullwidth_header title=&#8220;@ET-DC@eyJkeW5hbWljIjp0cnVlLCJjb250ZW50IjoicG9zdF90aXRsZSIsInNldHRpbmdzIjp7ImJlZm9yZSI6IiIsImFmdGVyIjoiIn19@&#8220; _builder_version=&#8220;4.27.4&#8243; _dynamic_attributes=&#8220;title&#8220; _module_preset=&#8220;4785d92b-9c55-4570-8b8b-99d90d80d800&#8243; global_colors_info=&#8220;{}&#8220;][\/et_pb_fullwidth_header][\/et_pb_section][et_pb_section fb_built=&#8220;1&#8243; admin_label=&#8220;Section&#8220; _builder_version=&#8220;4.27.4&#8243; _module_preset=&#8220;9178431a-3bcc-4684-9e49-49f7d4e76321&#8243; background_color=&#8220;#FFFFFF&#8220; custom_margin=&#8220;||||false|false&#8220; custom_padding=&#8220;60px||3px||false|false&#8220; da_disable_devices=&#8220;off|off|off&#8220; global_colors_info=&#8220;{}&#8220; da_is_popup=&#8220;off&#8220; da_exit_intent=&#8220;off&#8220; da_has_close=&#8220;on&#8220; da_alt_close=&#8220;off&#8220; da_dark_close=&#8220;off&#8220; da_not_modal=&#8220;on&#8220; da_is_singular=&#8220;off&#8220; da_with_loader=&#8220;off&#8220; da_has_shadow=&#8220;on&#8220;][et_pb_row module_id=&#8220;popis&#8220; _builder_version=&#8220;4.27.4&#8243; _module_preset=&#8220;default&#8220; global_colors_info=&#8220;{}&#8220;][et_pb_column type=&#8220;4_4&#8243; _builder_version=&#8220;4.24.2&#8243; _module_preset=&#8220;default&#8220; global_colors_info=&#8220;{}&#8220;][et_pb_image src=&#8220;https:\/\/www.emistr.cz\/wp-content\/uploads\/2025\/12\/Emistr-HP-e-17.svg&#8220; title_text=&#8220;Emistr&#8212;HP&#8212;e-17&#8243; align=&#8220;center&#8220; _builder_version=&#8220;4.27.4&#8243; _module_preset=&#8220;11439bc5-6e0c-4ce0-a72b-479974da9345&#8243; max_width=&#8220;120px&#8220; locked=&#8220;off&#8220; global_colors_info=&#8220;{}&#8220;][\/et_pb_image][et_pb_text _builder_version=&#8220;4.27.4&#8243; _module_preset=&#8220;32eef2a1-d582-4942-b930-84ee54a28e05&#8243; global_colors_info=&#8220;{}&#8220;]<\/p>\n<h2 style=\"text-align: center;\">NOVINKY, VE\u013dTRHY, UPGRADY\u2026<\/h2>\n<p style=\"text-align: center;\">[\/et_pb_text][et_pb_code _builder_version=&#8220;4.27.5&#8243; _module_preset=&#8220;default&#8220; hover_enabled=&#8220;0&#8243; sticky_enabled=&#8220;0&#8243;]<script><!-- [et_pb_line_break_holder] -->document.addEventListener(\"DOMContentLoaded\", function () {<!-- [et_pb_line_break_holder] -->  document.body.innerHTML = document.body.innerHTML.replace(\/pre\u00e8\u00edtajte\/g, \"pre\u010d\u00edtajte\");<!-- [et_pb_line_break_holder] -->});<!-- [et_pb_line_break_holder] --><\/script>[\/et_pb_code][\/et_pb_column][\/et_pb_row][et_pb_row _builder_version=&#8220;4.27.4&#8243; _module_preset=&#8220;default&#8220; max_width=&#8220;1000px&#8220; global_colors_info=&#8220;{}&#8220;][et_pb_column type=&#8220;4_4&#8243; _builder_version=&#8220;4.27.4&#8243; _module_preset=&#8220;default&#8220; global_colors_info=&#8220;{}&#8220;][et_pb_blog posts_number=&#8220;30&#8243; include_categories=&#8220;all&#8220; meta_date=&#8220;j. M. Y&#8220; excerpt_length=&#8220;120&#8243; show_more=&#8220;on&#8220; show_author=&#8220;off&#8220; show_categories=&#8220;off&#8220; module_class=&#8220;pa-blog-list&#8220; _builder_version=&#8220;4.27.4&#8243; _module_preset=&#8220;default&#8220; body_font=&#8220;|300|||||||&#8220; body_font_size=&#8220;16px&#8220; body_line_height=&#8220;1.4em&#8220; read_more_font=&#8220;|600|||||||&#8220; read_more_font_size=&#8220;18px&#8220; read_more_line_height=&#8220;2.1em&#8220; custom_padding=&#8220;||0px||false|false&#8220; header_font_size_tablet=&#8220;&#8220; header_font_size_phone=&#8220;25px&#8220; header_font_size_last_edited=&#8220;on|phone&#8220; border_width_bottom_fullwidth=&#8220;2px&#8220; border_color_bottom_fullwidth=&#8220;#30AC67&#8243; border_radii_image=&#8220;on|20px|20px|20px|20px&#8220; box_shadow_style_image=&#8220;preset1&#8243; global_colors_info=&#8220;{}&#8220;][\/et_pb_blog][\/et_pb_column][\/et_pb_row][\/et_pb_section][et_pb_section fb_built=&#8220;1&#8243; admin_label=&#8220;Section&#8220; _builder_version=&#8220;4.27.4&#8243; _module_preset=&#8220;9178431a-3bcc-4684-9e49-49f7d4e76321&#8243; da_disable_devices=&#8220;off|off|off&#8220; global_colors_info=&#8220;{}&#8220; da_is_popup=&#8220;off&#8220; da_exit_intent=&#8220;off&#8220; da_has_close=&#8220;on&#8220; da_alt_close=&#8220;off&#8220; da_dark_close=&#8220;off&#8220; da_not_modal=&#8220;on&#8220; da_is_singular=&#8220;off&#8220; da_with_loader=&#8220;off&#8220; da_has_shadow=&#8220;on&#8220;][et_pb_row _builder_version=&#8220;4.27.4&#8243; _module_preset=&#8220;default&#8220; custom_margin=&#8220;0px||||false|false&#8220; custom_padding=&#8220;0px||||false|false&#8220; locked=&#8220;off&#8220; global_colors_info=&#8220;{}&#8220;][et_pb_column type=&#8220;4_4&#8243; _builder_version=&#8220;4.24.2&#8243; _module_preset=&#8220;default&#8220; global_colors_info=&#8220;{}&#8220;][et_pb_icon font_icon=&#8220;&#x22;||divi||400&#8243; icon_color=&#8220;#E09900&#8243; icon_width=&#8220;60px&#8220; _builder_version=&#8220;4.27.4&#8243; _module_preset=&#8220;default&#8220; locked=&#8220;off&#8220; global_colors_info=&#8220;{}&#8220;][\/et_pb_icon][et_pb_text _builder_version=&#8220;4.27.4&#8243; _module_preset=&#8220;d1d5bbfc-e5aa-48de-a923-2cd60adda6e8&#8243; text_text_color=&#8220;#E09900&#8243; text_font_size=&#8220;26px&#8220; text_line_height=&#8220;1.6em&#8220; text_orientation=&#8220;center&#8220; max_width=&#8220;50%&#8220; max_width_tablet=&#8220;50%&#8220; max_width_phone=&#8220;100%&#8220; max_width_last_edited=&#8220;on|phone&#8220; module_alignment=&#8220;center&#8220; min_height=&#8220;2px&#8220; text_font_size_tablet=&#8220;26px&#8220; text_font_size_phone=&#8220;20px&#8220; text_font_size_last_edited=&#8220;on|phone&#8220; global_colors_info=&#8220;{}&#8220;]<\/p>\n<p><strong>Po\u010fme prebra\u0165 podrobnosti o va\u0161ich potreb\u00e1ch na nez\u00e1v\u00e4znom stretnut\u00ed.<\/strong><\/p>\n<p>[\/et_pb_text][et_pb_button button_url=&#8220;#kontakt&#8220; button_text=&#8220;Nap\u00ed\u0161te n\u00e1m&#8220; _builder_version=&#8220;4.27.4&#8243; _module_preset=&#8220;fb02756b-8d34-4376-bc1d-59cdf589e1e9&#8243; locked=&#8220;off&#8220; global_colors_info=&#8220;{}&#8220; button_bg_color__hover_enabled=&#8220;on|hover&#8220; button_bg_color__hover=&#8220;#30AC67&#8243; button_bg_enable_color__hover=&#8220;on&#8220;][\/et_pb_button][et_pb_text _builder_version=&#8220;4.27.4&#8243; _module_preset=&#8220;d1d5bbfc-e5aa-48de-a923-2cd60adda6e8&#8243; custom_css_free_form=&#8220;selector strong {||  color:#e09900;||}&#8220; global_colors_info=&#8220;{}&#8220;]<\/p>\n<p style=\"text-align: center;\">Alebo n\u00e1m rovno zavolajte: <span style=\"color: #e09900;\"><a href=\"tel:+420732269264\"><strong>+420 732 269 264<\/strong><\/a><\/span><\/p>\n<p>[\/et_pb_text][\/et_pb_column][\/et_pb_row][\/et_pb_section]<\/p>\n","protected":false},"excerpt":{"rendered":"<p>NOVINKY, VE\u013dTRHY, UPGRADY\u2026 Po\u010fme prebra\u0165 podrobnosti o va\u0161ich potreb\u00e1ch na nez\u00e1v\u00e4znom stretnut\u00ed.Alebo n\u00e1m rovno zavolajte: +420 732 269 264<\/p>\n","protected":false},"author":8,"featured_media":0,"parent":0,"menu_order":0,"comment_status":"closed","ping_status":"closed","template":"","meta":{"_acf_changed":false,"_et_pb_use_builder":"on","_et_pb_old_content":"","_et_gb_content_width":"","footnotes":""},"difl_page_category":[],"class_list":["post-228443","page","type-page","status-publish","hentry"],"acf":[],"_links":{"self":[{"href":"https:\/\/www.emistr.cz\/sk\/wp-json\/wp\/v2\/pages\/228443","targetHints":{"allow":["GET"]}}],"collection":[{"href":"https:\/\/www.emistr.cz\/sk\/wp-json\/wp\/v2\/pages"}],"about":[{"href":"https:\/\/www.emistr.cz\/sk\/wp-json\/wp\/v2\/types\/page"}],"author":[{"embeddable":true,"href":"https:\/\/www.emistr.cz\/sk\/wp-json\/wp\/v2\/users\/8"}],"replies":[{"embeddable":true,"href":"https:\/\/www.emistr.cz\/sk\/wp-json\/wp\/v2\/comments?post=228443"}],"version-history":[{"count":19,"href":"https:\/\/www.emistr.cz\/sk\/wp-json\/wp\/v2\/pages\/228443\/revisions"}],"predecessor-version":[{"id":228978,"href":"https:\/\/www.emistr.cz\/sk\/wp-json\/wp\/v2\/pages\/228443\/revisions\/228978"}],"wp:attachment":[{"href":"https:\/\/www.emistr.cz\/sk\/wp-json\/wp\/v2\/media?parent=228443"}],"wp:term":[{"taxonomy":"difl_page_category","embeddable":true,"href":"https:\/\/www.emistr.cz\/sk\/wp-json\/wp\/v2\/difl_page_category?post=228443"}],"curies":[{"name":"wp","href":"https:\/\/api.w.org\/{rel}","templated":true}]}}